{"id":163,"date":"2024-10-24T14:06:19","date_gmt":"2024-10-24T12:06:19","guid":{"rendered":"https:\/\/www.stimmpraxis-frintrop.de\/?page_id=163"},"modified":"2024-10-24T14:10:18","modified_gmt":"2024-10-24T12:10:18","slug":"meine-methode","status":"publish","type":"page","link":"https:\/\/www.stimmpraxis-frintrop.de\/?page_id=163","title":{"rendered":"Meine Methode"},"content":{"rendered":"<h2>Wie ich arbeite<\/h2>\n<p>Ich arbeite gern mit der Singstimme. Es ist so sch\u00f6n, dabei zu sein, wenn sich die Stimme innerhalb einer Stunde entfaltet, ihr volles Volumen entwickelt und ihren eigenen, ganz pers\u00f6nlichen Klang zeigt.<br \/>\nMeist beginne ich mit \u00dcbungen zur K\u00f6rperwahrnehmung und Atmung.<\/p>\n<ul>\n<li>Wo sp\u00fcrst du Atembewegungen in deinem K\u00f6rper?<\/li>\n<li>Welche K\u00f6rperzonen reagieren flexibel, wenn du einatmest<\/li>\n<\/ul>\n<p>Manchmal probiere ich gleich aus, wie die Stimme auf verschiedene Stimmtechniken reagiert.<br \/>\nM\u00f6chte sie lieber etwas Summendes, Klingendes, oder m\u00f6chte sie mit kr\u00e4ftigen Lauten voll in ihre Kraft gebracht werden?<\/p>\n<p><strong>Hilfsmittel, kleine Tricks<\/strong><\/p>\n<p>Der Jonglierball ist ein wunderbares Hilfsmittel. Mach` einen Ton und werfe ihn in die Luft! Wie klingt das?<br \/>\nUnd umgekehrt: Wirf den Ball hoch und greife ihn beim Fangen mit der Hand, wenn er wieder auf H\u00fcftebene ankommt.<br \/>\nEin perfekter Stimmschluss? Dann ist das die richtige \u00dcbung f\u00fcr dich.<\/p>\n<p><strong>Atemtypen\u00a0<\/strong><\/p>\n<p>Welches Prinzip steckt dahinter? Die Einen nennen es Atemtypen, die Andere nennen es Lungen- und Zwerchfelltyp. Egal, wie man es nennt, es funktioniert und wir probieren es gemeinsam aus. Mache einen Ton und finde eine Bewegungsrichtung mit den Armen dazu. M\u00f6chten sie sich vom Brustkorb aus weg bewegen oder lieber sich lieber in einer ziehenden Bewegung auf den Brustkorb zubewegen? Beides ist m\u00f6glich, die saugende oder die flie\u00dfende Funktion.<\/p>\n<p><strong>Methode Schlaffhorst-Andersen<\/strong><\/p>\n<p>Ziel der Arbeit ist es, den Menschen wieder mit seinen Atemkr\u00e4ften in Verbindung zu bringen, die pers\u00f6nliche Ausdruckskraft seiner Stimme wiederherzustellen sowie seine Sprachkompetenz und Kommunikationsf\u00e4higkeit zu entwickeln und zu st\u00e4rken. Zu diesem Ziel f\u00fchrt die Methodik der f\u00fcnf Regenerationswege: Kreisen \u00b7 Schwingen \u00b7 Rhythmus \u00b7 Atmen \u00b7 T\u00f6nen.<\/p>\n<p>Mehr Informationen zur Methode <a href=\"https:\/\/www.cjd-schlaffhorst-andersen.de\/\" target=\"_blank\" rel=\"noopener\">finden Sie hier<\/a>.<\/p>\n","protected":false},"excerpt":{"rendered":"<p>Wie ich arbeite Ich arbeite gern mit der Singstimme. Es ist so sch\u00f6n, dabei zu sein, wenn sich die Stimme innerhalb einer Stunde entfaltet, ihr volles Volumen entwickelt und ihren eigenen, ganz pers\u00f6nlichen Klang zeigt. Meist beginne ich mit \u00dcbungen zur K\u00f6rperwahrnehmung und Atmung. Wo sp\u00fcrst du Atembewegungen in deinem K\u00f6rper? Welche K\u00f6rperzonen reagieren flexibel, [&hellip;]<\/p>\n","protected":false},"author":1,"featured_media":0,"parent":0,"menu_order":0,"comment_status":"closed","ping_status":"closed","template":"templates\/template-full-width.php","meta":{"footnotes":""},"class_list":["post-163","page","type-page","status-publish","hentry"],"yoast_head":"<!-- This site is optimized with the Yoast SEO plugin v27.6 - https:\/\/yoast.com\/product\/yoast-seo-wordpress\/ -->\n<title>Meine Methode - Stimmpraxis Elisabeth Frintrop<\/title>\n<meta name=\"description\" content=\"Wir arbeiten an Ihrer Stimme und Sie erleben die Sch\u00f6nheit der stimmlichen Entfaltung. \u00dcbungen zur K\u00f6rperwahrnehmung und Atmung f\u00f6rdern Ihre pers\u00f6nliche Klangentwicklung.\" \/>\n<meta name=\"robots\" content=\"index, follow, max-snippet:-1, max-image-preview:large, max-video-preview:-1\" \/>\n<link rel=\"canonical\" href=\"https:\/\/www.stimmpraxis-frintrop.de\/?page_id=163\" \/>\n<meta property=\"og:locale\" content=\"de_DE\" \/>\n<meta property=\"og:type\" content=\"article\" \/>\n<meta property=\"og:title\" content=\"Meine Methode - Stimmpraxis Elisabeth Frintrop\" \/>\n<meta property=\"og:description\" content=\"Wir arbeiten an Ihrer Stimme und Sie erleben die Sch\u00f6nheit der stimmlichen Entfaltung. \u00dcbungen zur K\u00f6rperwahrnehmung und Atmung f\u00f6rdern Ihre pers\u00f6nliche Klangentwicklung.\" \/>\n<meta property=\"og:url\" content=\"https:\/\/www.stimmpraxis-frintrop.de\/?page_id=163\" \/>\n<meta property=\"og:site_name\" content=\"Stimmpraxis Elisabeth Frintrop\" \/>\n<meta property=\"article:modified_time\" content=\"2024-10-24T12:10:18+00:00\" \/>\n<meta name=\"twitter:card\" content=\"summary_large_image\" \/>\n<meta name=\"twitter:label1\" content=\"Gesch\u00e4tzte Lesezeit\" \/>\n\t<meta name=\"twitter:data1\" content=\"2\u00a0Minuten\" \/>\n<script type=\"application\/ld+json\" class=\"yoast-schema-graph\">{\"@context\":\"https:\\\/\\\/schema.org\",\"@graph\":[{\"@type\":\"WebPage\",\"@id\":\"https:\\\/\\\/www.stimmpraxis-frintrop.de\\\/?page_id=163\",\"url\":\"https:\\\/\\\/www.stimmpraxis-frintrop.de\\\/?page_id=163\",\"name\":\"Meine Methode - Stimmpraxis Elisabeth Frintrop\",\"isPartOf\":{\"@id\":\"https:\\\/\\\/www.stimmpraxis-frintrop.de\\\/#website\"},\"datePublished\":\"2024-10-24T12:06:19+00:00\",\"dateModified\":\"2024-10-24T12:10:18+00:00\",\"description\":\"Wir arbeiten an Ihrer Stimme und Sie erleben die Sch\u00f6nheit der stimmlichen Entfaltung. \u00dcbungen zur K\u00f6rperwahrnehmung und Atmung f\u00f6rdern Ihre pers\u00f6nliche Klangentwicklung.\",\"breadcrumb\":{\"@id\":\"https:\\\/\\\/www.stimmpraxis-frintrop.de\\\/?page_id=163#breadcrumb\"},\"inLanguage\":\"de\",\"potentialAction\":[{\"@type\":\"ReadAction\",\"target\":[\"https:\\\/\\\/www.stimmpraxis-frintrop.de\\\/?page_id=163\"]}]},{\"@type\":\"BreadcrumbList\",\"@id\":\"https:\\\/\\\/www.stimmpraxis-frintrop.de\\\/?page_id=163#breadcrumb\",\"itemListElement\":[{\"@type\":\"ListItem\",\"position\":1,\"name\":\"Startseite\",\"item\":\"https:\\\/\\\/www.stimmpraxis-frintrop.de\\\/\"},{\"@type\":\"ListItem\",\"position\":2,\"name\":\"Meine Methode\"}]},{\"@type\":\"WebSite\",\"@id\":\"https:\\\/\\\/www.stimmpraxis-frintrop.de\\\/#website\",\"url\":\"https:\\\/\\\/www.stimmpraxis-frintrop.de\\\/\",\"name\":\"Stimmpraxis Elisabeth Frintrop\",\"description\":\"\",\"publisher\":{\"@id\":\"https:\\\/\\\/www.stimmpraxis-frintrop.de\\\/#organization\"},\"potentialAction\":[{\"@type\":\"SearchAction\",\"target\":{\"@type\":\"EntryPoint\",\"urlTemplate\":\"https:\\\/\\\/www.stimmpraxis-frintrop.de\\\/?s={search_term_string}\"},\"query-input\":{\"@type\":\"PropertyValueSpecification\",\"valueRequired\":true,\"valueName\":\"search_term_string\"}}],\"inLanguage\":\"de\"},{\"@type\":\"Organization\",\"@id\":\"https:\\\/\\\/www.stimmpraxis-frintrop.de\\\/#organization\",\"name\":\"Stimmpraxis Elisabeth Frintrop\",\"url\":\"https:\\\/\\\/www.stimmpraxis-frintrop.de\\\/\",\"logo\":{\"@type\":\"ImageObject\",\"inLanguage\":\"de\",\"@id\":\"https:\\\/\\\/www.stimmpraxis-frintrop.de\\\/#\\\/schema\\\/logo\\\/image\\\/\",\"url\":\"https:\\\/\\\/www.stimmpraxis-frintrop.de\\\/wp-content\\\/uploads\\\/2022\\\/10\\\/logo-frintrop.png\",\"contentUrl\":\"https:\\\/\\\/www.stimmpraxis-frintrop.de\\\/wp-content\\\/uploads\\\/2022\\\/10\\\/logo-frintrop.png\",\"width\":463,\"height\":85,\"caption\":\"Stimmpraxis Elisabeth Frintrop\"},\"image\":{\"@id\":\"https:\\\/\\\/www.stimmpraxis-frintrop.de\\\/#\\\/schema\\\/logo\\\/image\\\/\"}}]}<\/script>\n<!-- \/ Yoast SEO plugin. -->","yoast_head_json":{"title":"Meine Methode - Stimmpraxis Elisabeth Frintrop","description":"Wir arbeiten an Ihrer Stimme und Sie erleben die Sch\u00f6nheit der stimmlichen Entfaltung. \u00dcbungen zur K\u00f6rperwahrnehmung und Atmung f\u00f6rdern Ihre pers\u00f6nliche Klangentwicklung.","robots":{"index":"index","follow":"follow","max-snippet":"max-snippet:-1","max-image-preview":"max-image-preview:large","max-video-preview":"max-video-preview:-1"},"canonical":"https:\/\/www.stimmpraxis-frintrop.de\/?page_id=163","og_locale":"de_DE","og_type":"article","og_title":"Meine Methode - Stimmpraxis Elisabeth Frintrop","og_description":"Wir arbeiten an Ihrer Stimme und Sie erleben die Sch\u00f6nheit der stimmlichen Entfaltung. \u00dcbungen zur K\u00f6rperwahrnehmung und Atmung f\u00f6rdern Ihre pers\u00f6nliche Klangentwicklung.","og_url":"https:\/\/www.stimmpraxis-frintrop.de\/?page_id=163","og_site_name":"Stimmpraxis Elisabeth Frintrop","article_modified_time":"2024-10-24T12:10:18+00:00","twitter_card":"summary_large_image","twitter_misc":{"Gesch\u00e4tzte Lesezeit":"2\u00a0Minuten"},"schema":{"@context":"https:\/\/schema.org","@graph":[{"@type":"WebPage","@id":"https:\/\/www.stimmpraxis-frintrop.de\/?page_id=163","url":"https:\/\/www.stimmpraxis-frintrop.de\/?page_id=163","name":"Meine Methode - Stimmpraxis Elisabeth Frintrop","isPartOf":{"@id":"https:\/\/www.stimmpraxis-frintrop.de\/#website"},"datePublished":"2024-10-24T12:06:19+00:00","dateModified":"2024-10-24T12:10:18+00:00","description":"Wir arbeiten an Ihrer Stimme und Sie erleben die Sch\u00f6nheit der stimmlichen Entfaltung. \u00dcbungen zur K\u00f6rperwahrnehmung und Atmung f\u00f6rdern Ihre pers\u00f6nliche Klangentwicklung.","breadcrumb":{"@id":"https:\/\/www.stimmpraxis-frintrop.de\/?page_id=163#breadcrumb"},"inLanguage":"de","potentialAction":[{"@type":"ReadAction","target":["https:\/\/www.stimmpraxis-frintrop.de\/?page_id=163"]}]},{"@type":"BreadcrumbList","@id":"https:\/\/www.stimmpraxis-frintrop.de\/?page_id=163#breadcrumb","itemListElement":[{"@type":"ListItem","position":1,"name":"Startseite","item":"https:\/\/www.stimmpraxis-frintrop.de\/"},{"@type":"ListItem","position":2,"name":"Meine Methode"}]},{"@type":"WebSite","@id":"https:\/\/www.stimmpraxis-frintrop.de\/#website","url":"https:\/\/www.stimmpraxis-frintrop.de\/","name":"Stimmpraxis Elisabeth Frintrop","description":"","publisher":{"@id":"https:\/\/www.stimmpraxis-frintrop.de\/#organization"},"potentialAction":[{"@type":"SearchAction","target":{"@type":"EntryPoint","urlTemplate":"https:\/\/www.stimmpraxis-frintrop.de\/?s={search_term_string}"},"query-input":{"@type":"PropertyValueSpecification","valueRequired":true,"valueName":"search_term_string"}}],"inLanguage":"de"},{"@type":"Organization","@id":"https:\/\/www.stimmpraxis-frintrop.de\/#organization","name":"Stimmpraxis Elisabeth Frintrop","url":"https:\/\/www.stimmpraxis-frintrop.de\/","logo":{"@type":"ImageObject","inLanguage":"de","@id":"https:\/\/www.stimmpraxis-frintrop.de\/#\/schema\/logo\/image\/","url":"https:\/\/www.stimmpraxis-frintrop.de\/wp-content\/uploads\/2022\/10\/logo-frintrop.png","contentUrl":"https:\/\/www.stimmpraxis-frintrop.de\/wp-content\/uploads\/2022\/10\/logo-frintrop.png","width":463,"height":85,"caption":"Stimmpraxis Elisabeth Frintrop"},"image":{"@id":"https:\/\/www.stimmpraxis-frintrop.de\/#\/schema\/logo\/image\/"}}]}},"_links":{"self":[{"href":"https:\/\/www.stimmpraxis-frintrop.de\/index.php?rest_route=\/wp\/v2\/pages\/163","targetHints":{"allow":["GET"]}}],"collection":[{"href":"https:\/\/www.stimmpraxis-frintrop.de\/index.php?rest_route=\/wp\/v2\/pages"}],"about":[{"href":"https:\/\/www.stimmpraxis-frintrop.de\/index.php?rest_route=\/wp\/v2\/types\/page"}],"author":[{"embeddable":true,"href":"https:\/\/www.stimmpraxis-frintrop.de\/index.php?rest_route=\/wp\/v2\/users\/1"}],"replies":[{"embeddable":true,"href":"https:\/\/www.stimmpraxis-frintrop.de\/index.php?rest_route=%2Fwp%2Fv2%2Fcomments&post=163"}],"version-history":[{"count":3,"href":"https:\/\/www.stimmpraxis-frintrop.de\/index.php?rest_route=\/wp\/v2\/pages\/163\/revisions"}],"predecessor-version":[{"id":168,"href":"https:\/\/www.stimmpraxis-frintrop.de\/index.php?rest_route=\/wp\/v2\/pages\/163\/revisions\/168"}],"wp:attachment":[{"href":"https:\/\/www.stimmpraxis-frintrop.de\/index.php?rest_route=%2Fwp%2Fv2%2Fmedia&parent=163"}],"curies":[{"name":"wp","href":"https:\/\/api.w.org\/{rel}","templated":true}]}}