{"id":59,"date":"2021-06-16T14:45:23","date_gmt":"2021-06-16T12:45:23","guid":{"rendered":"https:\/\/www.stimmpraxis-frintrop.de\/wp3\/?page_id=59"},"modified":"2024-10-24T14:31:52","modified_gmt":"2024-10-24T12:31:52","slug":"zur-person","status":"publish","type":"page","link":"https:\/\/www.stimmpraxis-frintrop.de\/?page_id=59","title":{"rendered":"Zur Person"},"content":{"rendered":"<h2>Elisabeth Frintrop<\/h2>\n<p><img loading=\"lazy\" decoding=\"async\" width=\"330\" height=\"241\" class=\"alignnone size-full wp-image-62\" style=\"float: left; width: 35%; margin: 15px;\" src=\"https:\/\/www.stimmpraxis-frintrop.de\/wp3\/wp-content\/uploads\/2021\/06\/Person-Portrait.jpg\" alt=\"Portrait Elisabeth Frintrop\" srcset=\"https:\/\/www.stimmpraxis-frintrop.de\/wp-content\/uploads\/2021\/06\/Person-Portrait.jpg 330w, https:\/\/www.stimmpraxis-frintrop.de\/wp-content\/uploads\/2021\/06\/Person-Portrait-300x219.jpg 300w\" sizes=\"auto, (max-width: 330px) 100vw, 330px\" \/>Elisabeth Frintrop, S\u00e4ngerin legend\u00e4rer Bands wie \u201eElfriede und ihr Doktor\u201d oder der Jazz Invaders, widmet sich nicht nur vielf\u00e4ltigen Sprach- und Stimmst\u00f6rungen in der Behandlung von Kindern, Jugendlichen und Erwachsenen, sondern genie\u00dft es zudem, ihre langj\u00e4hrige Erfahrung im Rahmen konzentrierten, qualifizierten und anregend gef\u00fchlvollen Unterrichts an aktive und zuk\u00fcnftige S\u00e4nger und S\u00e4ngerinnen weiterzugeben.<\/p>\n<p>Jahrgang 62, Studium Musik und Germanistik an der Universit\u00e4t Oldenburg, Schwerpunkt Popul\u00e4rmusik\/Jazz. Ein Jahr Auslandsstudium an der Hochschule der K\u00fcnste Arnheim\/NL. 1995\u201398 Ausbildung zur staatlich gepr\u00fcften Atem-, Sprech- und Stimmlehrerin in Bad Nenndorf. <img loading=\"lazy\" decoding=\"async\" width=\"644\" height=\"431\" class=\"alignnone size-full wp-image-63\" style=\"float: right; width: 35%; margin: 15px;\" src=\"https:\/\/www.stimmpraxis-frintrop.de\/wp3\/wp-content\/uploads\/2021\/06\/Person-singen2.jpg\" alt=\"\" srcset=\"https:\/\/www.stimmpraxis-frintrop.de\/wp-content\/uploads\/2021\/06\/Person-singen2.jpg 644w, https:\/\/www.stimmpraxis-frintrop.de\/wp-content\/uploads\/2021\/06\/Person-singen2-300x201.jpg 300w\" sizes=\"auto, (max-width: 644px) 100vw, 644px\" \/>Seit 1999 t\u00e4tig in sprachtherapeutischer Praxis sowie als Lehrkraft f\u00fcr Sprecherziehung und liturgisches Singen.<br \/>\nEigener musikalischer Schwerpunkt Jazz und Jazz-Chormusik &#8211; aktuell aktiv mit \u201eElfriede und ihr Doktor\u201d (Jazz-Quartett) und \u201e<a href=\"http:\/\/www.jazzinvaders.de\/\" target=\"_blank\" rel=\"noopener\">Jazz Invaders<\/a>\u201d (Big Band Delmenhorst).<\/p>\n","protected":false},"excerpt":{"rendered":"<p>Elisabeth Frintrop Elisabeth Frintrop, S\u00e4ngerin legend\u00e4rer Bands wie \u201eElfriede und ihr Doktor\u201d oder der Jazz Invaders, widmet sich nicht nur vielf\u00e4ltigen Sprach- und Stimmst\u00f6rungen in der Behandlung von Kindern, Jugendlichen und Erwachsenen, sondern genie\u00dft es zudem, ihre langj\u00e4hrige Erfahrung im Rahmen konzentrierten, qualifizierten und anregend gef\u00fchlvollen Unterrichts an aktive und zuk\u00fcnftige S\u00e4nger und S\u00e4ngerinnen weiterzugeben. [&hellip;]<\/p>\n","protected":false},"author":1,"featured_media":0,"parent":0,"menu_order":0,"comment_status":"closed","ping_status":"closed","template":"templates\/template-full-width.php","meta":{"footnotes":""},"class_list":["post-59","page","type-page","status-publish","hentry"],"yoast_head":"<!-- This site is optimized with the Yoast SEO plugin v27.6 - https:\/\/yoast.com\/product\/yoast-seo-wordpress\/ -->\n<title>Elisabeth Frintrop Bremen Vocal Coach Atem- Sprech- Stimmlehrerin<\/title>\n<meta name=\"robots\" content=\"index, follow, max-snippet:-1, max-image-preview:large, max-video-preview:-1\" \/>\n<link rel=\"canonical\" href=\"https:\/\/www.stimmpraxis-frintrop.de\/?page_id=59\" \/>\n<meta property=\"og:locale\" content=\"de_DE\" \/>\n<meta property=\"og:type\" content=\"article\" \/>\n<meta property=\"og:title\" content=\"Elisabeth Frintrop Bremen Vocal Coach Atem- Sprech- Stimmlehrerin\" \/>\n<meta property=\"og:description\" content=\"Elisabeth Frintrop Elisabeth Frintrop, S\u00e4ngerin legend\u00e4rer Bands wie \u201eElfriede und ihr Doktor\u201d oder der Jazz Invaders, widmet sich nicht nur vielf\u00e4ltigen Sprach- und Stimmst\u00f6rungen in der Behandlung von Kindern, Jugendlichen und Erwachsenen, sondern genie\u00dft es zudem, ihre langj\u00e4hrige Erfahrung im Rahmen konzentrierten, qualifizierten und anregend gef\u00fchlvollen Unterrichts an aktive und zuk\u00fcnftige S\u00e4nger und S\u00e4ngerinnen weiterzugeben. [&hellip;]\" \/>\n<meta property=\"og:url\" content=\"https:\/\/www.stimmpraxis-frintrop.de\/?page_id=59\" \/>\n<meta property=\"og:site_name\" content=\"Stimmpraxis Elisabeth Frintrop\" \/>\n<meta property=\"article:modified_time\" content=\"2024-10-24T12:31:52+00:00\" \/>\n<meta property=\"og:image\" content=\"https:\/\/www.stimmpraxis-frintrop.de\/wp-content\/uploads\/2021\/06\/Person-Portrait.jpg\" \/>\n\t<meta property=\"og:image:width\" content=\"330\" \/>\n\t<meta property=\"og:image:height\" content=\"241\" \/>\n\t<meta property=\"og:image:type\" content=\"image\/jpeg\" \/>\n<meta name=\"twitter:card\" content=\"summary_large_image\" \/>\n<meta name=\"twitter:label1\" content=\"Gesch\u00e4tzte Lesezeit\" \/>\n\t<meta name=\"twitter:data1\" content=\"2\u00a0Minuten\" \/>\n<script type=\"application\/ld+json\" class=\"yoast-schema-graph\">{\"@context\":\"https:\\\/\\\/schema.org\",\"@graph\":[{\"@type\":\"WebPage\",\"@id\":\"https:\\\/\\\/www.stimmpraxis-frintrop.de\\\/?page_id=59\",\"url\":\"https:\\\/\\\/www.stimmpraxis-frintrop.de\\\/?page_id=59\",\"name\":\"Elisabeth Frintrop Bremen Vocal Coach Atem- Sprech- Stimmlehrerin\",\"isPartOf\":{\"@id\":\"https:\\\/\\\/www.stimmpraxis-frintrop.de\\\/#website\"},\"primaryImageOfPage\":{\"@id\":\"https:\\\/\\\/www.stimmpraxis-frintrop.de\\\/?page_id=59#primaryimage\"},\"image\":{\"@id\":\"https:\\\/\\\/www.stimmpraxis-frintrop.de\\\/?page_id=59#primaryimage\"},\"thumbnailUrl\":\"https:\\\/\\\/www.stimmpraxis-frintrop.de\\\/wp3\\\/wp-content\\\/uploads\\\/2021\\\/06\\\/Person-Portrait.jpg\",\"datePublished\":\"2021-06-16T12:45:23+00:00\",\"dateModified\":\"2024-10-24T12:31:52+00:00\",\"breadcrumb\":{\"@id\":\"https:\\\/\\\/www.stimmpraxis-frintrop.de\\\/?page_id=59#breadcrumb\"},\"inLanguage\":\"de\",\"potentialAction\":[{\"@type\":\"ReadAction\",\"target\":[\"https:\\\/\\\/www.stimmpraxis-frintrop.de\\\/?page_id=59\"]}]},{\"@type\":\"ImageObject\",\"inLanguage\":\"de\",\"@id\":\"https:\\\/\\\/www.stimmpraxis-frintrop.de\\\/?page_id=59#primaryimage\",\"url\":\"https:\\\/\\\/www.stimmpraxis-frintrop.de\\\/wp3\\\/wp-content\\\/uploads\\\/2021\\\/06\\\/Person-Portrait.jpg\",\"contentUrl\":\"https:\\\/\\\/www.stimmpraxis-frintrop.de\\\/wp3\\\/wp-content\\\/uploads\\\/2021\\\/06\\\/Person-Portrait.jpg\"},{\"@type\":\"BreadcrumbList\",\"@id\":\"https:\\\/\\\/www.stimmpraxis-frintrop.de\\\/?page_id=59#breadcrumb\",\"itemListElement\":[{\"@type\":\"ListItem\",\"position\":1,\"name\":\"Startseite\",\"item\":\"https:\\\/\\\/www.stimmpraxis-frintrop.de\\\/\"},{\"@type\":\"ListItem\",\"position\":2,\"name\":\"Zur Person\"}]},{\"@type\":\"WebSite\",\"@id\":\"https:\\\/\\\/www.stimmpraxis-frintrop.de\\\/#website\",\"url\":\"https:\\\/\\\/www.stimmpraxis-frintrop.de\\\/\",\"name\":\"Stimmpraxis Elisabeth Frintrop\",\"description\":\"\",\"publisher\":{\"@id\":\"https:\\\/\\\/www.stimmpraxis-frintrop.de\\\/#organization\"},\"potentialAction\":[{\"@type\":\"SearchAction\",\"target\":{\"@type\":\"EntryPoint\",\"urlTemplate\":\"https:\\\/\\\/www.stimmpraxis-frintrop.de\\\/?s={search_term_string}\"},\"query-input\":{\"@type\":\"PropertyValueSpecification\",\"valueRequired\":true,\"valueName\":\"search_term_string\"}}],\"inLanguage\":\"de\"},{\"@type\":\"Organization\",\"@id\":\"https:\\\/\\\/www.stimmpraxis-frintrop.de\\\/#organization\",\"name\":\"Stimmpraxis Elisabeth Frintrop\",\"url\":\"https:\\\/\\\/www.stimmpraxis-frintrop.de\\\/\",\"logo\":{\"@type\":\"ImageObject\",\"inLanguage\":\"de\",\"@id\":\"https:\\\/\\\/www.stimmpraxis-frintrop.de\\\/#\\\/schema\\\/logo\\\/image\\\/\",\"url\":\"https:\\\/\\\/www.stimmpraxis-frintrop.de\\\/wp-content\\\/uploads\\\/2022\\\/10\\\/logo-frintrop.png\",\"contentUrl\":\"https:\\\/\\\/www.stimmpraxis-frintrop.de\\\/wp-content\\\/uploads\\\/2022\\\/10\\\/logo-frintrop.png\",\"width\":463,\"height\":85,\"caption\":\"Stimmpraxis Elisabeth Frintrop\"},\"image\":{\"@id\":\"https:\\\/\\\/www.stimmpraxis-frintrop.de\\\/#\\\/schema\\\/logo\\\/image\\\/\"}}]}<\/script>\n<!-- \/ Yoast SEO plugin. -->","yoast_head_json":{"title":"Elisabeth Frintrop Bremen Vocal Coach Atem- Sprech- Stimmlehrerin","robots":{"index":"index","follow":"follow","max-snippet":"max-snippet:-1","max-image-preview":"max-image-preview:large","max-video-preview":"max-video-preview:-1"},"canonical":"https:\/\/www.stimmpraxis-frintrop.de\/?page_id=59","og_locale":"de_DE","og_type":"article","og_title":"Elisabeth Frintrop Bremen Vocal Coach Atem- Sprech- Stimmlehrerin","og_description":"Elisabeth Frintrop Elisabeth Frintrop, S\u00e4ngerin legend\u00e4rer Bands wie \u201eElfriede und ihr Doktor\u201d oder der Jazz Invaders, widmet sich nicht nur vielf\u00e4ltigen Sprach- und Stimmst\u00f6rungen in der Behandlung von Kindern, Jugendlichen und Erwachsenen, sondern genie\u00dft es zudem, ihre langj\u00e4hrige Erfahrung im Rahmen konzentrierten, qualifizierten und anregend gef\u00fchlvollen Unterrichts an aktive und zuk\u00fcnftige S\u00e4nger und S\u00e4ngerinnen weiterzugeben. [&hellip;]","og_url":"https:\/\/www.stimmpraxis-frintrop.de\/?page_id=59","og_site_name":"Stimmpraxis Elisabeth Frintrop","article_modified_time":"2024-10-24T12:31:52+00:00","og_image":[{"width":330,"height":241,"url":"https:\/\/www.stimmpraxis-frintrop.de\/wp-content\/uploads\/2021\/06\/Person-Portrait.jpg","type":"image\/jpeg"}],"twitter_card":"summary_large_image","twitter_misc":{"Gesch\u00e4tzte Lesezeit":"2\u00a0Minuten"},"schema":{"@context":"https:\/\/schema.org","@graph":[{"@type":"WebPage","@id":"https:\/\/www.stimmpraxis-frintrop.de\/?page_id=59","url":"https:\/\/www.stimmpraxis-frintrop.de\/?page_id=59","name":"Elisabeth Frintrop Bremen Vocal Coach Atem- Sprech- Stimmlehrerin","isPartOf":{"@id":"https:\/\/www.stimmpraxis-frintrop.de\/#website"},"primaryImageOfPage":{"@id":"https:\/\/www.stimmpraxis-frintrop.de\/?page_id=59#primaryimage"},"image":{"@id":"https:\/\/www.stimmpraxis-frintrop.de\/?page_id=59#primaryimage"},"thumbnailUrl":"https:\/\/www.stimmpraxis-frintrop.de\/wp3\/wp-content\/uploads\/2021\/06\/Person-Portrait.jpg","datePublished":"2021-06-16T12:45:23+00:00","dateModified":"2024-10-24T12:31:52+00:00","breadcrumb":{"@id":"https:\/\/www.stimmpraxis-frintrop.de\/?page_id=59#breadcrumb"},"inLanguage":"de","potentialAction":[{"@type":"ReadAction","target":["https:\/\/www.stimmpraxis-frintrop.de\/?page_id=59"]}]},{"@type":"ImageObject","inLanguage":"de","@id":"https:\/\/www.stimmpraxis-frintrop.de\/?page_id=59#primaryimage","url":"https:\/\/www.stimmpraxis-frintrop.de\/wp3\/wp-content\/uploads\/2021\/06\/Person-Portrait.jpg","contentUrl":"https:\/\/www.stimmpraxis-frintrop.de\/wp3\/wp-content\/uploads\/2021\/06\/Person-Portrait.jpg"},{"@type":"BreadcrumbList","@id":"https:\/\/www.stimmpraxis-frintrop.de\/?page_id=59#breadcrumb","itemListElement":[{"@type":"ListItem","position":1,"name":"Startseite","item":"https:\/\/www.stimmpraxis-frintrop.de\/"},{"@type":"ListItem","position":2,"name":"Zur Person"}]},{"@type":"WebSite","@id":"https:\/\/www.stimmpraxis-frintrop.de\/#website","url":"https:\/\/www.stimmpraxis-frintrop.de\/","name":"Stimmpraxis Elisabeth Frintrop","description":"","publisher":{"@id":"https:\/\/www.stimmpraxis-frintrop.de\/#organization"},"potentialAction":[{"@type":"SearchAction","target":{"@type":"EntryPoint","urlTemplate":"https:\/\/www.stimmpraxis-frintrop.de\/?s={search_term_string}"},"query-input":{"@type":"PropertyValueSpecification","valueRequired":true,"valueName":"search_term_string"}}],"inLanguage":"de"},{"@type":"Organization","@id":"https:\/\/www.stimmpraxis-frintrop.de\/#organization","name":"Stimmpraxis Elisabeth Frintrop","url":"https:\/\/www.stimmpraxis-frintrop.de\/","logo":{"@type":"ImageObject","inLanguage":"de","@id":"https:\/\/www.stimmpraxis-frintrop.de\/#\/schema\/logo\/image\/","url":"https:\/\/www.stimmpraxis-frintrop.de\/wp-content\/uploads\/2022\/10\/logo-frintrop.png","contentUrl":"https:\/\/www.stimmpraxis-frintrop.de\/wp-content\/uploads\/2022\/10\/logo-frintrop.png","width":463,"height":85,"caption":"Stimmpraxis Elisabeth Frintrop"},"image":{"@id":"https:\/\/www.stimmpraxis-frintrop.de\/#\/schema\/logo\/image\/"}}]}},"_links":{"self":[{"href":"https:\/\/www.stimmpraxis-frintrop.de\/index.php?rest_route=\/wp\/v2\/pages\/59","targetHints":{"allow":["GET"]}}],"collection":[{"href":"https:\/\/www.stimmpraxis-frintrop.de\/index.php?rest_route=\/wp\/v2\/pages"}],"about":[{"href":"https:\/\/www.stimmpraxis-frintrop.de\/index.php?rest_route=\/wp\/v2\/types\/page"}],"author":[{"embeddable":true,"href":"https:\/\/www.stimmpraxis-frintrop.de\/index.php?rest_route=\/wp\/v2\/users\/1"}],"replies":[{"embeddable":true,"href":"https:\/\/www.stimmpraxis-frintrop.de\/index.php?rest_route=%2Fwp%2Fv2%2Fcomments&post=59"}],"version-history":[{"count":9,"href":"https:\/\/www.stimmpraxis-frintrop.de\/index.php?rest_route=\/wp\/v2\/pages\/59\/revisions"}],"predecessor-version":[{"id":187,"href":"https:\/\/www.stimmpraxis-frintrop.de\/index.php?rest_route=\/wp\/v2\/pages\/59\/revisions\/187"}],"wp:attachment":[{"href":"https:\/\/www.stimmpraxis-frintrop.de\/index.php?rest_route=%2Fwp%2Fv2%2Fmedia&parent=59"}],"curies":[{"name":"wp","href":"https:\/\/api.w.org\/{rel}","templated":true}]}}