{"id":6,"date":"2021-06-08T11:24:53","date_gmt":"2021-06-08T09:24:53","guid":{"rendered":"https:\/\/www.stimmpraxis-frintrop.de\/wp3\/?page_id=6"},"modified":"2024-10-24T14:22:13","modified_gmt":"2024-10-24T12:22:13","slug":"das-neue-museum-oeffnet-seine-tueren-2","status":"publish","type":"page","link":"https:\/\/www.stimmpraxis-frintrop.de\/","title":{"rendered":"Atem-, Sprech- und Gesangstraining"},"content":{"rendered":"<p><img loading=\"lazy\" decoding=\"async\" class=\"alignnone size-full wp-image-154\" src=\"https:\/\/www.stimmpraxis-frintrop.de\/wp-content\/uploads\/2022\/10\/Bewegung-Atmung-Stimme.jpg\" alt=\"\" width=\"1193\" height=\"355\" srcset=\"https:\/\/www.stimmpraxis-frintrop.de\/wp-content\/uploads\/2022\/10\/Bewegung-Atmung-Stimme.jpg 1193w, https:\/\/www.stimmpraxis-frintrop.de\/wp-content\/uploads\/2022\/10\/Bewegung-Atmung-Stimme-300x89.jpg 300w, https:\/\/www.stimmpraxis-frintrop.de\/wp-content\/uploads\/2022\/10\/Bewegung-Atmung-Stimme-1024x305.jpg 1024w, https:\/\/www.stimmpraxis-frintrop.de\/wp-content\/uploads\/2022\/10\/Bewegung-Atmung-Stimme-768x229.jpg 768w\" sizes=\"auto, (max-width: 1193px) 100vw, 1193px\" \/><\/p>\n<h2>Einatmen \/ Ausatmen&#8230;<\/h2>\n<p><em>Wenn die Dinge so w\u00e4ren, wie sie erscheinen, w\u00e4re es unn\u00f6tig, ihnen auf den Grund zu gehen.<\/em><\/p>\n<p>Wann flie\u00dft der Atem, wann stockt er? Welcher Atemimpuls folgt auf das Heben des Armes? Halte ich die Luft an, wenn ich besch\u00e4ftigt oder unter Druck bin?<\/p>\n<h3><strong>Neugierig geworden&#8230; ?<\/strong><\/h3>\n<p>Ich nutze meine Leidenschaft f\u00fcr Jazz, Atmung und Stimme, um S\u00e4nger\/-innen und Sprecher\/-innen auf der Grundlage meiner Ausbildung zur staatlich gepr\u00fcften Atem-, Sprech- und Stimmlehrerin nach Schlaffhorst-Andersen zu unterrichten. Dabei liegt mein Schwerpunkt auf der Verbindung von Atmung und Bewegung. Der nat\u00fcrliche Rhythmus wird zum Ausgangspunkt der Arbeit an K\u00f6rperhaltung sowie Stimme beim Singen oder Sprechen.<\/p>\n<p>In meine Arbeit flie\u00dfen zudem Aspekte aus der Atemlehre nach Renate Schulze-Schindler und anderer Stimmschulen ein.<br \/>\nDie Arbeit an Atmung und Stimme ist nicht nur f\u00fcr professionelle K\u00fcnstler geeignet, sondern auch f\u00fcr Menschen mit Atemwegserkrankungen und interessierte Laien, die ihre Stimme bis ins hohe Alter tragf\u00e4hig erhalten m\u00f6chten.<\/p>\n<p>Hier finden Sie weitere Informationen:<\/p>\n<p><a href=\"..\/?page_id=71\">&gt; Atemschulung<\/a><br \/>\n<a href=\"..\/?page_id=89\">&gt; Singstimme\/Gesangsunterricht<\/a><br \/>\n<a href=\"..\/?page_id=78\">&gt; Sprechtraining<\/a><\/p>\n<h2>Ich freue mich auf Sie und ihre Stimme!<\/h2>\n","protected":false},"excerpt":{"rendered":"<p>Einatmen \/ Ausatmen&#8230; Wenn die Dinge so w\u00e4ren, wie sie erscheinen, w\u00e4re es unn\u00f6tig, ihnen auf den Grund zu gehen. Wann flie\u00dft der Atem, wann stockt er? Welcher Atemimpuls folgt auf das Heben des Armes? Halte ich die Luft an, wenn ich besch\u00e4ftigt oder unter Druck bin? Neugierig geworden&#8230; ? Ich nutze meine Leidenschaft f\u00fcr [&hellip;]<\/p>\n","protected":false},"author":1,"featured_media":0,"parent":0,"menu_order":0,"comment_status":"closed","ping_status":"closed","template":"templates\/template-full-width.php","meta":{"footnotes":""},"class_list":["post-6","page","type-page","status-publish","hentry"],"yoast_head":"<!-- This site is optimized with the Yoast SEO plugin v27.6 - https:\/\/yoast.com\/product\/yoast-seo-wordpress\/ -->\n<title>Sprach- und Stimmtraining<\/title>\n<meta name=\"description\" content=\"Entdecken Sie die Welt des Sprach- und Gesangstrainings! Ich biete als ausgebildete Trainerin Coaching und Workshops f\u00fcr alle Niveaus an.\" \/>\n<meta name=\"robots\" content=\"index, follow, max-snippet:-1, max-image-preview:large, max-video-preview:-1\" \/>\n<link rel=\"canonical\" href=\"https:\/\/www.stimmpraxis-frintrop.de\/\" \/>\n<meta property=\"og:locale\" content=\"de_DE\" \/>\n<meta property=\"og:type\" content=\"article\" \/>\n<meta property=\"og:title\" content=\"Sprach- und Stimmtraining\" \/>\n<meta property=\"og:description\" content=\"Entdecken Sie die Welt des Sprach- und Gesangstrainings! Ich biete als ausgebildete Trainerin Coaching und Workshops f\u00fcr alle Niveaus an.\" \/>\n<meta property=\"og:url\" content=\"https:\/\/www.stimmpraxis-frintrop.de\/\" \/>\n<meta property=\"og:site_name\" content=\"Stimmpraxis Elisabeth Frintrop\" \/>\n<meta property=\"article:modified_time\" content=\"2024-10-24T12:22:13+00:00\" \/>\n<meta property=\"og:image\" content=\"https:\/\/www.stimmpraxis-frintrop.de\/wp-content\/uploads\/2022\/10\/Bewegung-Atmung-Stimme.jpg\" \/>\n\t<meta property=\"og:image:width\" content=\"1193\" \/>\n\t<meta property=\"og:image:height\" content=\"355\" \/>\n\t<meta property=\"og:image:type\" content=\"image\/jpeg\" \/>\n<meta name=\"twitter:card\" content=\"summary_large_image\" \/>\n<meta name=\"twitter:label1\" content=\"Gesch\u00e4tzte Lesezeit\" \/>\n\t<meta name=\"twitter:data1\" content=\"2\u00a0Minuten\" \/>\n<script type=\"application\/ld+json\" class=\"yoast-schema-graph\">{\"@context\":\"https:\\\/\\\/schema.org\",\"@graph\":[{\"@type\":\"WebPage\",\"@id\":\"https:\\\/\\\/www.stimmpraxis-frintrop.de\\\/\",\"url\":\"https:\\\/\\\/www.stimmpraxis-frintrop.de\\\/\",\"name\":\"Sprach- und Stimmtraining\",\"isPartOf\":{\"@id\":\"https:\\\/\\\/www.stimmpraxis-frintrop.de\\\/#website\"},\"primaryImageOfPage\":{\"@id\":\"https:\\\/\\\/www.stimmpraxis-frintrop.de\\\/#primaryimage\"},\"image\":{\"@id\":\"https:\\\/\\\/www.stimmpraxis-frintrop.de\\\/#primaryimage\"},\"thumbnailUrl\":\"https:\\\/\\\/www.stimmpraxis-frintrop.de\\\/wp-content\\\/uploads\\\/2022\\\/10\\\/Bewegung-Atmung-Stimme.jpg\",\"datePublished\":\"2021-06-08T09:24:53+00:00\",\"dateModified\":\"2024-10-24T12:22:13+00:00\",\"description\":\"Entdecken Sie die Welt des Sprach- und Gesangstrainings! Ich biete als ausgebildete Trainerin Coaching und Workshops f\u00fcr alle Niveaus an.\",\"breadcrumb\":{\"@id\":\"https:\\\/\\\/www.stimmpraxis-frintrop.de\\\/#breadcrumb\"},\"inLanguage\":\"de\",\"potentialAction\":[{\"@type\":\"ReadAction\",\"target\":[\"https:\\\/\\\/www.stimmpraxis-frintrop.de\\\/\"]}]},{\"@type\":\"ImageObject\",\"inLanguage\":\"de\",\"@id\":\"https:\\\/\\\/www.stimmpraxis-frintrop.de\\\/#primaryimage\",\"url\":\"https:\\\/\\\/www.stimmpraxis-frintrop.de\\\/wp-content\\\/uploads\\\/2022\\\/10\\\/Bewegung-Atmung-Stimme.jpg\",\"contentUrl\":\"https:\\\/\\\/www.stimmpraxis-frintrop.de\\\/wp-content\\\/uploads\\\/2022\\\/10\\\/Bewegung-Atmung-Stimme.jpg\",\"width\":1193,\"height\":355},{\"@type\":\"BreadcrumbList\",\"@id\":\"https:\\\/\\\/www.stimmpraxis-frintrop.de\\\/#breadcrumb\",\"itemListElement\":[{\"@type\":\"ListItem\",\"position\":1,\"name\":\"Startseite\",\"item\":\"https:\\\/\\\/www.stimmpraxis-frintrop.de\\\/\"},{\"@type\":\"ListItem\",\"position\":2,\"name\":\"Atem-, Sprech- und Gesangstraining\"}]},{\"@type\":\"WebSite\",\"@id\":\"https:\\\/\\\/www.stimmpraxis-frintrop.de\\\/#website\",\"url\":\"https:\\\/\\\/www.stimmpraxis-frintrop.de\\\/\",\"name\":\"Stimmpraxis Elisabeth Frintrop\",\"description\":\"\",\"publisher\":{\"@id\":\"https:\\\/\\\/www.stimmpraxis-frintrop.de\\\/#organization\"},\"potentialAction\":[{\"@type\":\"SearchAction\",\"target\":{\"@type\":\"EntryPoint\",\"urlTemplate\":\"https:\\\/\\\/www.stimmpraxis-frintrop.de\\\/?s={search_term_string}\"},\"query-input\":{\"@type\":\"PropertyValueSpecification\",\"valueRequired\":true,\"valueName\":\"search_term_string\"}}],\"inLanguage\":\"de\"},{\"@type\":\"Organization\",\"@id\":\"https:\\\/\\\/www.stimmpraxis-frintrop.de\\\/#organization\",\"name\":\"Stimmpraxis Elisabeth Frintrop\",\"url\":\"https:\\\/\\\/www.stimmpraxis-frintrop.de\\\/\",\"logo\":{\"@type\":\"ImageObject\",\"inLanguage\":\"de\",\"@id\":\"https:\\\/\\\/www.stimmpraxis-frintrop.de\\\/#\\\/schema\\\/logo\\\/image\\\/\",\"url\":\"https:\\\/\\\/www.stimmpraxis-frintrop.de\\\/wp-content\\\/uploads\\\/2022\\\/10\\\/logo-frintrop.png\",\"contentUrl\":\"https:\\\/\\\/www.stimmpraxis-frintrop.de\\\/wp-content\\\/uploads\\\/2022\\\/10\\\/logo-frintrop.png\",\"width\":463,\"height\":85,\"caption\":\"Stimmpraxis Elisabeth Frintrop\"},\"image\":{\"@id\":\"https:\\\/\\\/www.stimmpraxis-frintrop.de\\\/#\\\/schema\\\/logo\\\/image\\\/\"}}]}<\/script>\n<!-- \/ Yoast SEO plugin. -->","yoast_head_json":{"title":"Sprach- und Stimmtraining","description":"Entdecken Sie die Welt des Sprach- und Gesangstrainings! Ich biete als ausgebildete Trainerin Coaching und Workshops f\u00fcr alle Niveaus an.","robots":{"index":"index","follow":"follow","max-snippet":"max-snippet:-1","max-image-preview":"max-image-preview:large","max-video-preview":"max-video-preview:-1"},"canonical":"https:\/\/www.stimmpraxis-frintrop.de\/","og_locale":"de_DE","og_type":"article","og_title":"Sprach- und Stimmtraining","og_description":"Entdecken Sie die Welt des Sprach- und Gesangstrainings! Ich biete als ausgebildete Trainerin Coaching und Workshops f\u00fcr alle Niveaus an.","og_url":"https:\/\/www.stimmpraxis-frintrop.de\/","og_site_name":"Stimmpraxis Elisabeth Frintrop","article_modified_time":"2024-10-24T12:22:13+00:00","og_image":[{"width":1193,"height":355,"url":"https:\/\/www.stimmpraxis-frintrop.de\/wp-content\/uploads\/2022\/10\/Bewegung-Atmung-Stimme.jpg","type":"image\/jpeg"}],"twitter_card":"summary_large_image","twitter_misc":{"Gesch\u00e4tzte Lesezeit":"2\u00a0Minuten"},"schema":{"@context":"https:\/\/schema.org","@graph":[{"@type":"WebPage","@id":"https:\/\/www.stimmpraxis-frintrop.de\/","url":"https:\/\/www.stimmpraxis-frintrop.de\/","name":"Sprach- und Stimmtraining","isPartOf":{"@id":"https:\/\/www.stimmpraxis-frintrop.de\/#website"},"primaryImageOfPage":{"@id":"https:\/\/www.stimmpraxis-frintrop.de\/#primaryimage"},"image":{"@id":"https:\/\/www.stimmpraxis-frintrop.de\/#primaryimage"},"thumbnailUrl":"https:\/\/www.stimmpraxis-frintrop.de\/wp-content\/uploads\/2022\/10\/Bewegung-Atmung-Stimme.jpg","datePublished":"2021-06-08T09:24:53+00:00","dateModified":"2024-10-24T12:22:13+00:00","description":"Entdecken Sie die Welt des Sprach- und Gesangstrainings! Ich biete als ausgebildete Trainerin Coaching und Workshops f\u00fcr alle Niveaus an.","breadcrumb":{"@id":"https:\/\/www.stimmpraxis-frintrop.de\/#breadcrumb"},"inLanguage":"de","potentialAction":[{"@type":"ReadAction","target":["https:\/\/www.stimmpraxis-frintrop.de\/"]}]},{"@type":"ImageObject","inLanguage":"de","@id":"https:\/\/www.stimmpraxis-frintrop.de\/#primaryimage","url":"https:\/\/www.stimmpraxis-frintrop.de\/wp-content\/uploads\/2022\/10\/Bewegung-Atmung-Stimme.jpg","contentUrl":"https:\/\/www.stimmpraxis-frintrop.de\/wp-content\/uploads\/2022\/10\/Bewegung-Atmung-Stimme.jpg","width":1193,"height":355},{"@type":"BreadcrumbList","@id":"https:\/\/www.stimmpraxis-frintrop.de\/#breadcrumb","itemListElement":[{"@type":"ListItem","position":1,"name":"Startseite","item":"https:\/\/www.stimmpraxis-frintrop.de\/"},{"@type":"ListItem","position":2,"name":"Atem-, Sprech- und Gesangstraining"}]},{"@type":"WebSite","@id":"https:\/\/www.stimmpraxis-frintrop.de\/#website","url":"https:\/\/www.stimmpraxis-frintrop.de\/","name":"Stimmpraxis Elisabeth Frintrop","description":"","publisher":{"@id":"https:\/\/www.stimmpraxis-frintrop.de\/#organization"},"potentialAction":[{"@type":"SearchAction","target":{"@type":"EntryPoint","urlTemplate":"https:\/\/www.stimmpraxis-frintrop.de\/?s={search_term_string}"},"query-input":{"@type":"PropertyValueSpecification","valueRequired":true,"valueName":"search_term_string"}}],"inLanguage":"de"},{"@type":"Organization","@id":"https:\/\/www.stimmpraxis-frintrop.de\/#organization","name":"Stimmpraxis Elisabeth Frintrop","url":"https:\/\/www.stimmpraxis-frintrop.de\/","logo":{"@type":"ImageObject","inLanguage":"de","@id":"https:\/\/www.stimmpraxis-frintrop.de\/#\/schema\/logo\/image\/","url":"https:\/\/www.stimmpraxis-frintrop.de\/wp-content\/uploads\/2022\/10\/logo-frintrop.png","contentUrl":"https:\/\/www.stimmpraxis-frintrop.de\/wp-content\/uploads\/2022\/10\/logo-frintrop.png","width":463,"height":85,"caption":"Stimmpraxis Elisabeth Frintrop"},"image":{"@id":"https:\/\/www.stimmpraxis-frintrop.de\/#\/schema\/logo\/image\/"}}]}},"_links":{"self":[{"href":"https:\/\/www.stimmpraxis-frintrop.de\/index.php?rest_route=\/wp\/v2\/pages\/6","targetHints":{"allow":["GET"]}}],"collection":[{"href":"https:\/\/www.stimmpraxis-frintrop.de\/index.php?rest_route=\/wp\/v2\/pages"}],"about":[{"href":"https:\/\/www.stimmpraxis-frintrop.de\/index.php?rest_route=\/wp\/v2\/types\/page"}],"author":[{"embeddable":true,"href":"https:\/\/www.stimmpraxis-frintrop.de\/index.php?rest_route=\/wp\/v2\/users\/1"}],"replies":[{"embeddable":true,"href":"https:\/\/www.stimmpraxis-frintrop.de\/index.php?rest_route=%2Fwp%2Fv2%2Fcomments&post=6"}],"version-history":[{"count":28,"href":"https:\/\/www.stimmpraxis-frintrop.de\/index.php?rest_route=\/wp\/v2\/pages\/6\/revisions"}],"predecessor-version":[{"id":177,"href":"https:\/\/www.stimmpraxis-frintrop.de\/index.php?rest_route=\/wp\/v2\/pages\/6\/revisions\/177"}],"wp:attachment":[{"href":"https:\/\/www.stimmpraxis-frintrop.de\/index.php?rest_route=%2Fwp%2Fv2%2Fmedia&parent=6"}],"curies":[{"name":"wp","href":"https:\/\/api.w.org\/{rel}","templated":true}]}}