{"id":89,"date":"2021-06-16T21:29:26","date_gmt":"2021-06-16T19:29:26","guid":{"rendered":"https:\/\/www.stimmpraxis-frintrop.de\/wp3\/?page_id=89"},"modified":"2024-10-24T14:52:01","modified_gmt":"2024-10-24T12:52:01","slug":"singstimme","status":"publish","type":"page","link":"https:\/\/www.stimmpraxis-frintrop.de\/?page_id=89","title":{"rendered":"Gesangsunterricht"},"content":{"rendered":"<p><strong>Singen hat viele Facetten:<\/strong><\/p>\n<ul>\n<li>Singen zum Selbstausdruck<\/li>\n<li>Singen aus Spa\u00df<\/li>\n<li>Singen mit anderen im Chor oder im Ensemble<\/li>\n<li>Sologesang<\/li>\n<\/ul>\n<p><img loading=\"lazy\" decoding=\"async\" width=\"644\" height=\"431\" class=\"alignnone size-full wp-image-91\" style=\"float: left; width: 35%; margin: 15px;\" src=\"https:\/\/www.stimmpraxis-frintrop.de\/wp3\/wp-content\/uploads\/2021\/06\/singstimme-singen.jpg\" alt=\"\" srcset=\"https:\/\/www.stimmpraxis-frintrop.de\/wp-content\/uploads\/2021\/06\/singstimme-singen.jpg 644w, https:\/\/www.stimmpraxis-frintrop.de\/wp-content\/uploads\/2021\/06\/singstimme-singen-300x201.jpg 300w\" sizes=\"auto, (max-width: 644px) 100vw, 644px\" \/>F\u00fcr Anf\u00e4nger biete ich basale \u00dcbungen zur Atem- und Stimmf\u00fchrung an.<br \/>\nDabei lernen Sie etwas \u00fcber den Sitz der Stimme\/ ihre Klangfarbe, das Stimmvolumen und wie man eine tragf\u00e4hige Stimme trainiert.<br \/>\nFortgeschrittene S\u00e4nger und S\u00e4ngerinnen unterrichte ich gern im Genre Jazz-Pop Gesang.<br \/>\nEgal auf welchem Niveau Sie sich bewegen, kann der Unterricht nach der Arbeitsweise Schlaffhorst-Andersen Sie zu einer nachhaltigen Regenerationsf\u00e4higkeit Ihrer Stimme f\u00fchren.<\/p>\n<p><img loading=\"lazy\" decoding=\"async\" width=\"1024\" height=\"768\" class=\"alignnone size-large wp-image-96\" style=\"float: right; width: 35%; margin: 15px;\" src=\"https:\/\/www.stimmpraxis-frintrop.de\/wp3\/wp-content\/uploads\/2021\/06\/singstimme-singen3-1024x768.jpg\" alt=\"\" srcset=\"https:\/\/www.stimmpraxis-frintrop.de\/wp-content\/uploads\/2021\/06\/singstimme-singen3-1024x768.jpg 1024w, https:\/\/www.stimmpraxis-frintrop.de\/wp-content\/uploads\/2021\/06\/singstimme-singen3-300x225.jpg 300w, https:\/\/www.stimmpraxis-frintrop.de\/wp-content\/uploads\/2021\/06\/singstimme-singen3-768x576.jpg 768w, https:\/\/www.stimmpraxis-frintrop.de\/wp-content\/uploads\/2021\/06\/singstimme-singen3-1200x900.jpg 1200w, https:\/\/www.stimmpraxis-frintrop.de\/wp-content\/uploads\/2021\/06\/singstimme-singen3.jpg 1299w\" sizes=\"auto, (max-width: 1024px) 100vw, 1024px\" \/>Durch Atembehandlung, Schwingen, Kreisen und andere Bewegungsformen werden die Resonanzr\u00e4ume des K\u00f6rpers zunehmend aufgeschlossen und besser genutzt, und dies wird in einem vollen Stimmklang h\u00f6rbar.<\/p>\n<h2>Stimmenlifting<\/h2>\n<p>Wie jeder andere Muskel, so muss auch die stimmgebende Muskulatur trainiert werden. Besonders die alternde Stimme profitiert davon, wenn sie Training zum Spannungsaufbau und zur Elastizit\u00e4t erf\u00e4hrt. Auch wenn ihre Stimme im Alter evtl. tiefer geworden ist, so kann sie doch noch \u201efit f\u00fcr den Chor\u201c gemacht werden.<\/p>\n<p>Sie suchen einen Chor? Informieren Sie sich beim <a href=\"https:\/\/www.cvnb.de\/\">Bremer Chorverband<\/a>.<\/p>\n","protected":false},"excerpt":{"rendered":"<p>Singen hat viele Facetten: Singen zum Selbstausdruck Singen aus Spa\u00df Singen mit anderen im Chor oder im Ensemble Sologesang F\u00fcr Anf\u00e4nger biete ich basale \u00dcbungen zur Atem- und Stimmf\u00fchrung an. Dabei lernen Sie etwas \u00fcber den Sitz der Stimme\/ ihre Klangfarbe, das Stimmvolumen und wie man eine tragf\u00e4hige Stimme trainiert. Fortgeschrittene S\u00e4nger und S\u00e4ngerinnen unterrichte [&hellip;]<\/p>\n","protected":false},"author":1,"featured_media":0,"parent":0,"menu_order":0,"comment_status":"closed","ping_status":"closed","template":"templates\/template-full-width.php","meta":{"footnotes":""},"class_list":["post-89","page","type-page","status-publish","hentry"],"yoast_head":"<!-- This site is optimized with the Yoast SEO plugin v27.6 - https:\/\/yoast.com\/product\/yoast-seo-wordpress\/ -->\n<title>Gesangsunterricht - Sicher Singen<\/title>\n<meta name=\"description\" content=\"F\u00fcr Anf\u00e4nger und Fortgeschrittene biete ich \u00dcbungen zur Atem- und Stimmf\u00fchrung an. Dabei lernen Sie, wie man eine tragf\u00e4hige Stimme trainiert.\" \/>\n<meta name=\"robots\" content=\"index, follow, max-snippet:-1, max-image-preview:large, max-video-preview:-1\" \/>\n<link rel=\"canonical\" href=\"https:\/\/www.stimmpraxis-frintrop.de\/?page_id=89\" \/>\n<meta property=\"og:locale\" content=\"de_DE\" \/>\n<meta property=\"og:type\" content=\"article\" \/>\n<meta property=\"og:title\" content=\"Gesangsunterricht - Sicher Singen\" \/>\n<meta property=\"og:description\" content=\"F\u00fcr Anf\u00e4nger und Fortgeschrittene biete ich \u00dcbungen zur Atem- und Stimmf\u00fchrung an. Dabei lernen Sie, wie man eine tragf\u00e4hige Stimme trainiert.\" \/>\n<meta property=\"og:url\" content=\"https:\/\/www.stimmpraxis-frintrop.de\/?page_id=89\" \/>\n<meta property=\"og:site_name\" content=\"Stimmpraxis Elisabeth Frintrop\" \/>\n<meta property=\"article:modified_time\" content=\"2024-10-24T12:52:01+00:00\" \/>\n<meta property=\"og:image\" content=\"https:\/\/www.stimmpraxis-frintrop.de\/wp-content\/uploads\/2021\/06\/singstimme-singen.jpg\" \/>\n\t<meta property=\"og:image:width\" content=\"644\" \/>\n\t<meta property=\"og:image:height\" content=\"431\" \/>\n\t<meta property=\"og:image:type\" content=\"image\/jpeg\" \/>\n<meta name=\"twitter:card\" content=\"summary_large_image\" \/>\n<meta name=\"twitter:label1\" content=\"Gesch\u00e4tzte Lesezeit\" \/>\n\t<meta name=\"twitter:data1\" content=\"2\u00a0Minuten\" \/>\n<script type=\"application\/ld+json\" class=\"yoast-schema-graph\">{\"@context\":\"https:\\\/\\\/schema.org\",\"@graph\":[{\"@type\":\"WebPage\",\"@id\":\"https:\\\/\\\/www.stimmpraxis-frintrop.de\\\/?page_id=89\",\"url\":\"https:\\\/\\\/www.stimmpraxis-frintrop.de\\\/?page_id=89\",\"name\":\"Gesangsunterricht - Sicher Singen\",\"isPartOf\":{\"@id\":\"https:\\\/\\\/www.stimmpraxis-frintrop.de\\\/#website\"},\"primaryImageOfPage\":{\"@id\":\"https:\\\/\\\/www.stimmpraxis-frintrop.de\\\/?page_id=89#primaryimage\"},\"image\":{\"@id\":\"https:\\\/\\\/www.stimmpraxis-frintrop.de\\\/?page_id=89#primaryimage\"},\"thumbnailUrl\":\"https:\\\/\\\/www.stimmpraxis-frintrop.de\\\/wp3\\\/wp-content\\\/uploads\\\/2021\\\/06\\\/singstimme-singen.jpg\",\"datePublished\":\"2021-06-16T19:29:26+00:00\",\"dateModified\":\"2024-10-24T12:52:01+00:00\",\"description\":\"F\u00fcr Anf\u00e4nger und Fortgeschrittene biete ich \u00dcbungen zur Atem- und Stimmf\u00fchrung an. Dabei lernen Sie, wie man eine tragf\u00e4hige Stimme trainiert.\",\"breadcrumb\":{\"@id\":\"https:\\\/\\\/www.stimmpraxis-frintrop.de\\\/?page_id=89#breadcrumb\"},\"inLanguage\":\"de\",\"potentialAction\":[{\"@type\":\"ReadAction\",\"target\":[\"https:\\\/\\\/www.stimmpraxis-frintrop.de\\\/?page_id=89\"]}]},{\"@type\":\"ImageObject\",\"inLanguage\":\"de\",\"@id\":\"https:\\\/\\\/www.stimmpraxis-frintrop.de\\\/?page_id=89#primaryimage\",\"url\":\"https:\\\/\\\/www.stimmpraxis-frintrop.de\\\/wp3\\\/wp-content\\\/uploads\\\/2021\\\/06\\\/singstimme-singen.jpg\",\"contentUrl\":\"https:\\\/\\\/www.stimmpraxis-frintrop.de\\\/wp3\\\/wp-content\\\/uploads\\\/2021\\\/06\\\/singstimme-singen.jpg\"},{\"@type\":\"BreadcrumbList\",\"@id\":\"https:\\\/\\\/www.stimmpraxis-frintrop.de\\\/?page_id=89#breadcrumb\",\"itemListElement\":[{\"@type\":\"ListItem\",\"position\":1,\"name\":\"Startseite\",\"item\":\"https:\\\/\\\/www.stimmpraxis-frintrop.de\\\/\"},{\"@type\":\"ListItem\",\"position\":2,\"name\":\"Gesangsunterricht\"}]},{\"@type\":\"WebSite\",\"@id\":\"https:\\\/\\\/www.stimmpraxis-frintrop.de\\\/#website\",\"url\":\"https:\\\/\\\/www.stimmpraxis-frintrop.de\\\/\",\"name\":\"Stimmpraxis Elisabeth Frintrop\",\"description\":\"\",\"publisher\":{\"@id\":\"https:\\\/\\\/www.stimmpraxis-frintrop.de\\\/#organization\"},\"potentialAction\":[{\"@type\":\"SearchAction\",\"target\":{\"@type\":\"EntryPoint\",\"urlTemplate\":\"https:\\\/\\\/www.stimmpraxis-frintrop.de\\\/?s={search_term_string}\"},\"query-input\":{\"@type\":\"PropertyValueSpecification\",\"valueRequired\":true,\"valueName\":\"search_term_string\"}}],\"inLanguage\":\"de\"},{\"@type\":\"Organization\",\"@id\":\"https:\\\/\\\/www.stimmpraxis-frintrop.de\\\/#organization\",\"name\":\"Stimmpraxis Elisabeth Frintrop\",\"url\":\"https:\\\/\\\/www.stimmpraxis-frintrop.de\\\/\",\"logo\":{\"@type\":\"ImageObject\",\"inLanguage\":\"de\",\"@id\":\"https:\\\/\\\/www.stimmpraxis-frintrop.de\\\/#\\\/schema\\\/logo\\\/image\\\/\",\"url\":\"https:\\\/\\\/www.stimmpraxis-frintrop.de\\\/wp-content\\\/uploads\\\/2022\\\/10\\\/logo-frintrop.png\",\"contentUrl\":\"https:\\\/\\\/www.stimmpraxis-frintrop.de\\\/wp-content\\\/uploads\\\/2022\\\/10\\\/logo-frintrop.png\",\"width\":463,\"height\":85,\"caption\":\"Stimmpraxis Elisabeth Frintrop\"},\"image\":{\"@id\":\"https:\\\/\\\/www.stimmpraxis-frintrop.de\\\/#\\\/schema\\\/logo\\\/image\\\/\"}}]}<\/script>\n<!-- \/ Yoast SEO plugin. -->","yoast_head_json":{"title":"Gesangsunterricht - Sicher Singen","description":"F\u00fcr Anf\u00e4nger und Fortgeschrittene biete ich \u00dcbungen zur Atem- und Stimmf\u00fchrung an. Dabei lernen Sie, wie man eine tragf\u00e4hige Stimme trainiert.","robots":{"index":"index","follow":"follow","max-snippet":"max-snippet:-1","max-image-preview":"max-image-preview:large","max-video-preview":"max-video-preview:-1"},"canonical":"https:\/\/www.stimmpraxis-frintrop.de\/?page_id=89","og_locale":"de_DE","og_type":"article","og_title":"Gesangsunterricht - Sicher Singen","og_description":"F\u00fcr Anf\u00e4nger und Fortgeschrittene biete ich \u00dcbungen zur Atem- und Stimmf\u00fchrung an. Dabei lernen Sie, wie man eine tragf\u00e4hige Stimme trainiert.","og_url":"https:\/\/www.stimmpraxis-frintrop.de\/?page_id=89","og_site_name":"Stimmpraxis Elisabeth Frintrop","article_modified_time":"2024-10-24T12:52:01+00:00","og_image":[{"width":644,"height":431,"url":"https:\/\/www.stimmpraxis-frintrop.de\/wp-content\/uploads\/2021\/06\/singstimme-singen.jpg","type":"image\/jpeg"}],"twitter_card":"summary_large_image","twitter_misc":{"Gesch\u00e4tzte Lesezeit":"2\u00a0Minuten"},"schema":{"@context":"https:\/\/schema.org","@graph":[{"@type":"WebPage","@id":"https:\/\/www.stimmpraxis-frintrop.de\/?page_id=89","url":"https:\/\/www.stimmpraxis-frintrop.de\/?page_id=89","name":"Gesangsunterricht - Sicher Singen","isPartOf":{"@id":"https:\/\/www.stimmpraxis-frintrop.de\/#website"},"primaryImageOfPage":{"@id":"https:\/\/www.stimmpraxis-frintrop.de\/?page_id=89#primaryimage"},"image":{"@id":"https:\/\/www.stimmpraxis-frintrop.de\/?page_id=89#primaryimage"},"thumbnailUrl":"https:\/\/www.stimmpraxis-frintrop.de\/wp3\/wp-content\/uploads\/2021\/06\/singstimme-singen.jpg","datePublished":"2021-06-16T19:29:26+00:00","dateModified":"2024-10-24T12:52:01+00:00","description":"F\u00fcr Anf\u00e4nger und Fortgeschrittene biete ich \u00dcbungen zur Atem- und Stimmf\u00fchrung an. Dabei lernen Sie, wie man eine tragf\u00e4hige Stimme trainiert.","breadcrumb":{"@id":"https:\/\/www.stimmpraxis-frintrop.de\/?page_id=89#breadcrumb"},"inLanguage":"de","potentialAction":[{"@type":"ReadAction","target":["https:\/\/www.stimmpraxis-frintrop.de\/?page_id=89"]}]},{"@type":"ImageObject","inLanguage":"de","@id":"https:\/\/www.stimmpraxis-frintrop.de\/?page_id=89#primaryimage","url":"https:\/\/www.stimmpraxis-frintrop.de\/wp3\/wp-content\/uploads\/2021\/06\/singstimme-singen.jpg","contentUrl":"https:\/\/www.stimmpraxis-frintrop.de\/wp3\/wp-content\/uploads\/2021\/06\/singstimme-singen.jpg"},{"@type":"BreadcrumbList","@id":"https:\/\/www.stimmpraxis-frintrop.de\/?page_id=89#breadcrumb","itemListElement":[{"@type":"ListItem","position":1,"name":"Startseite","item":"https:\/\/www.stimmpraxis-frintrop.de\/"},{"@type":"ListItem","position":2,"name":"Gesangsunterricht"}]},{"@type":"WebSite","@id":"https:\/\/www.stimmpraxis-frintrop.de\/#website","url":"https:\/\/www.stimmpraxis-frintrop.de\/","name":"Stimmpraxis Elisabeth Frintrop","description":"","publisher":{"@id":"https:\/\/www.stimmpraxis-frintrop.de\/#organization"},"potentialAction":[{"@type":"SearchAction","target":{"@type":"EntryPoint","urlTemplate":"https:\/\/www.stimmpraxis-frintrop.de\/?s={search_term_string}"},"query-input":{"@type":"PropertyValueSpecification","valueRequired":true,"valueName":"search_term_string"}}],"inLanguage":"de"},{"@type":"Organization","@id":"https:\/\/www.stimmpraxis-frintrop.de\/#organization","name":"Stimmpraxis Elisabeth Frintrop","url":"https:\/\/www.stimmpraxis-frintrop.de\/","logo":{"@type":"ImageObject","inLanguage":"de","@id":"https:\/\/www.stimmpraxis-frintrop.de\/#\/schema\/logo\/image\/","url":"https:\/\/www.stimmpraxis-frintrop.de\/wp-content\/uploads\/2022\/10\/logo-frintrop.png","contentUrl":"https:\/\/www.stimmpraxis-frintrop.de\/wp-content\/uploads\/2022\/10\/logo-frintrop.png","width":463,"height":85,"caption":"Stimmpraxis Elisabeth Frintrop"},"image":{"@id":"https:\/\/www.stimmpraxis-frintrop.de\/#\/schema\/logo\/image\/"}}]}},"_links":{"self":[{"href":"https:\/\/www.stimmpraxis-frintrop.de\/index.php?rest_route=\/wp\/v2\/pages\/89","targetHints":{"allow":["GET"]}}],"collection":[{"href":"https:\/\/www.stimmpraxis-frintrop.de\/index.php?rest_route=\/wp\/v2\/pages"}],"about":[{"href":"https:\/\/www.stimmpraxis-frintrop.de\/index.php?rest_route=\/wp\/v2\/types\/page"}],"author":[{"embeddable":true,"href":"https:\/\/www.stimmpraxis-frintrop.de\/index.php?rest_route=\/wp\/v2\/users\/1"}],"replies":[{"embeddable":true,"href":"https:\/\/www.stimmpraxis-frintrop.de\/index.php?rest_route=%2Fwp%2Fv2%2Fcomments&post=89"}],"version-history":[{"count":11,"href":"https:\/\/www.stimmpraxis-frintrop.de\/index.php?rest_route=\/wp\/v2\/pages\/89\/revisions"}],"predecessor-version":[{"id":188,"href":"https:\/\/www.stimmpraxis-frintrop.de\/index.php?rest_route=\/wp\/v2\/pages\/89\/revisions\/188"}],"wp:attachment":[{"href":"https:\/\/www.stimmpraxis-frintrop.de\/index.php?rest_route=%2Fwp%2Fv2%2Fmedia&parent=89"}],"curies":[{"name":"wp","href":"https:\/\/api.w.org\/{rel}","templated":true}]}}